{"id":7282,"date":"2018-09-14T16:14:41","date_gmt":"2018-09-14T13:14:41","guid":{"rendered":"http:\/\/limasolbank.com.tr\/corporate-banking\/odemeler\/"},"modified":"2023-09-02T09:54:10","modified_gmt":"2023-09-02T06:54:10","slug":"payments-2","status":"publish","type":"page","link":"https:\/\/www.limasolbank.com.tr\/en\/corporate-banking\/payments-2\/","title":{"rendered":"Payments"},"content":{"rendered":"<p><strong>Payments<\/strong><\/p>\n<p>Save your time with a payment order to Limassol Turkish Cooperative Bank Ltd. for automatic monthly payments of your credit card debts, Vodafone, Turkcell, fixed phone service fees, Electric Bills, Digiturk Service fees, bills from Municipalities in Morphou, Kyrenia, Famagusta, De\u011firmenlik, Dikmen, Yenibo\u011fazi\u00e7i, Trikomo, Lapethos and Lefka districts along with CardPlus Credit Card Debts<\/p>\n<p><strong>Tuition Fee Payments<\/strong><\/p>\n<p>Tuition fees for Eastern Mediterranean University and College can be paid at Limassol Turkish Cooperative Bank Ltd.<\/p>\n<p><strong>Card Plus Credit Card Payments<\/strong><\/p>\n<p>You can make transactions to your Card Plus Credit Card and instantly reflect it on your card limit.<\/p>\n<p><strong>Salary Payments<\/strong><\/p>\n<p>If you are a civil servant or a pensioner, or if you are currently working in one of the collaborating companies or firms, your regular salary will be transacted to your account at Limassol Turkish Cooperative Bank Ltd. according to your transfer order.<\/p>\n","protected":false},"excerpt":{"rendered":"<p>Payments Save your time with a payment order to Limassol Turkish Cooperative Bank Ltd. for automatic monthly payments of your credit card debts, Vodafone, Turkcell, fixed phone service fees, Electric Bills, Digiturk Service fees, bills from Municipalities in Morphou, Kyrenia, Famagusta, De\u011firmenlik, Dikmen, Yenibo\u011fazi\u00e7i, Trikomo, Lapethos and Lefka districts along with CardPlus Credit Card Debts [&hellip;]<\/p>\n","protected":false},"author":1,"featured_media":0,"parent":4503,"menu_order":0,"comment_status":"closed","ping_status":"closed","template":"","meta":{"_monsterinsights_skip_tracking":false,"_monsterinsights_sitenote_active":false,"_monsterinsights_sitenote_note":"","_monsterinsights_sitenote_category":0,"ngg_post_thumbnail":0,"footnotes":""},"categories":[],"class_list":["post-7282","page","type-page","status-publish","hentry"],"aioseo_notices":[],"_links":{"self":[{"href":"https:\/\/www.limasolbank.com.tr\/en\/wp-json\/wp\/v2\/pages\/7282","targetHints":{"allow":["GET"]}}],"collection":[{"href":"https:\/\/www.limasolbank.com.tr\/en\/wp-json\/wp\/v2\/pages"}],"about":[{"href":"https:\/\/www.limasolbank.com.tr\/en\/wp-json\/wp\/v2\/types\/page"}],"author":[{"embeddable":true,"href":"https:\/\/www.limasolbank.com.tr\/en\/wp-json\/wp\/v2\/users\/1"}],"replies":[{"embeddable":true,"href":"https:\/\/www.limasolbank.com.tr\/en\/wp-json\/wp\/v2\/comments?post=7282"}],"version-history":[{"count":7,"href":"https:\/\/www.limasolbank.com.tr\/en\/wp-json\/wp\/v2\/pages\/7282\/revisions"}],"predecessor-version":[{"id":14814,"href":"https:\/\/www.limasolbank.com.tr\/en\/wp-json\/wp\/v2\/pages\/7282\/revisions\/14814"}],"up":[{"embeddable":true,"href":"https:\/\/www.limasolbank.com.tr\/en\/wp-json\/wp\/v2\/pages\/4503"}],"wp:attachment":[{"href":"https:\/\/www.limasolbank.com.tr\/en\/wp-json\/wp\/v2\/media?parent=7282"}],"wp:term":[{"taxonomy":"category","embeddable":true,"href":"https:\/\/www.limasolbank.com.tr\/en\/wp-json\/wp\/v2\/categories?post=7282"}],"curies":[{"name":"wp","href":"https:\/\/api.w.org\/{rel}","templated":true}]}}