{"id":647,"date":"2018-11-03T13:51:26","date_gmt":"2018-11-03T11:51:26","guid":{"rendered":"http:\/\/limasolbank.com.tr\/?page_id=647"},"modified":"2023-06-14T19:00:40","modified_gmt":"2023-06-14T16:00:40","slug":"affiliates","status":"publish","type":"page","link":"https:\/\/www.limasolbank.com.tr\/en\/about-us\/affiliates\/","title":{"rendered":"Affiliates"},"content":{"rendered":"<div class=\"wpb-content-wrapper\"><p>[vc_row][vc_column][vc_column_text]<\/p>\n<h2>LIMASOL INSURANCE<\/h2>\n<p>[\/vc_column_text][vc_column_text]<img loading=\"lazy\" decoding=\"async\" class=\"alignright wp-image-35\" style=\"float: left; margin-right: 15px;\" src=\"https:\/\/www.limasolbank.com.tr\/wp-content\/uploads\/2018\/08\/LimasolSigortaLogo_B-300x122.png\" alt=\"\" width=\"322\" height=\"131\" srcset=\"https:\/\/www.limasolbank.com.tr\/wp-content\/uploads\/2018\/08\/LimasolSigortaLogo_B-300x122.png 300w, https:\/\/www.limasolbank.com.tr\/wp-content\/uploads\/2018\/08\/LimasolSigortaLogo_B-768x313.png 768w, https:\/\/www.limasolbank.com.tr\/wp-content\/uploads\/2018\/08\/LimasolSigortaLogo_B.png 980w\" sizes=\"auto, (max-width: 322px) 100vw, 322px\" \/><\/p>\n<p>Following many years as Insurance Agency, we founded Limasol Insurance Co on 1st September 1997 and entered into insurance sector with our corporate identity. With its 22 years of experience, Limasol Insurance carries out its activities to offer best service.[\/vc_column_text][vc_column_text]<\/p>\n<table class=\"finance-table\">\n<tbody>\n<tr>\n<td width=\"94\"><strong>Call Centre<\/strong><\/td>\n<td width=\"374\">(0392 444 00 55) &#8211; (0392 815 87 72)<\/td>\n<\/tr>\n<tr>\n<td><strong>Fax No<\/strong><\/td>\n<td>(0392 815 9714) &#8211; (0392 815 5098)<\/td>\n<\/tr>\n<tr>\n<td><strong>Address<\/strong><\/td>\n<td>Orhaneli Sok.,P.K. 362, Girne Mersin 10 T\u00fcrkiye<\/td>\n<\/tr>\n<tr>\n<td><strong>E-mail<\/strong><\/td>\n<td>info@limasolsigorta.com &#8211; limasolsigorta@gmail.com<\/td>\n<\/tr>\n<tr>\n<td><strong>Web<\/strong><\/td>\n<td><a href=\"http:\/\/www.limasolsigorta.com\" target=\"_blank\" rel=\"noopener noreferrer\">http:\/\/www.limasolsigorta.com<\/a><\/td>\n<\/tr>\n<tr>\n<td><strong>Facebook<\/strong><\/td>\n<td><a href=\"https:\/\/www.facebook.com\/limasolsigorta\" target=\"_blank\" rel=\"noopener noreferrer\">https:\/\/www.facebook.com\/limasolsigorta<\/a><\/td>\n<\/tr>\n<tr>\n<td><strong>Twitter<\/strong><\/td>\n<td><a href=\"https:\/\/twitter.com\/limasolsigorta\" target=\"_blank\" rel=\"noopener noreferrer\">https:\/\/twitter.com\/limasolsigorta<\/a><\/td>\n<\/tr>\n<\/tbody>\n<\/table>\n<p>[\/vc_column_text][vc_message message_box_style=&#8221;solid&#8221; message_box_color=&#8221;green&#8221;]All branches offer <em><strong>Limasol Insurance<\/strong><\/em> Agency services.[\/vc_message][\/vc_column][\/vc_row][vc_row][vc_column][vc_column_text]<\/p>\n<h2><strong>CARDPLUS<\/strong><\/h2>\n<p>[\/vc_column_text][vc_column_text]<img loading=\"lazy\" decoding=\"async\" class=\"alignright wp-image-4243\" style=\"float: left; margin-right: 15px;\" src=\"https:\/\/www.limasolbank.com.tr\/wp-content\/uploads\/2019\/02\/cardplus_logo-300x59.png\" alt=\"\" width=\"320\" height=\"63\" srcset=\"https:\/\/www.limasolbank.com.tr\/wp-content\/uploads\/2019\/02\/cardplus_logo-300x59.png 300w, https:\/\/www.limasolbank.com.tr\/wp-content\/uploads\/2019\/02\/cardplus_logo.png 349w\" sizes=\"auto, (max-width: 320px) 100vw, 320px\" \/><\/p>\n<p>CardPlus is Internationally valid throughout the world, CARDPLUS is the first chip-key MasterCard product of the TRNC. Limitless in services, CardPlus also provides supplementary cards, thus enables clients to produce as much as supplementary cards.[\/vc_column_text][vc_column_text]<\/p>\n<table class=\"finance-table\">\n<tbody>\n<tr>\n<td width=\"107\"><strong>Call Centre<\/strong><\/td>\n<td width=\"374\">600 22 22 (within office hours)<\/td>\n<\/tr>\n<tr>\n<td><strong>Customer Services <\/strong><\/td>\n<td>444 5 000<\/td>\n<\/tr>\n<tr>\n<td><strong>Fax<\/strong><\/td>\n<td>229 02 27<\/td>\n<\/tr>\n<tr>\n<td><strong>Address<\/strong><\/td>\n<td>Server Somuncuo\u011flu Sok. Kaya Bekiro\u011flu Apt. No 11\/4, K.\u00e7iftlik Lefko\u015fa K\u0131br\u0131s<\/td>\n<\/tr>\n<tr>\n<td><strong>E-mail<\/strong><\/td>\n<td>info@card-plus.net<\/td>\n<\/tr>\n<tr>\n<td><strong>Web<\/strong><\/td>\n<td><a href=\"http:\/\/www.card-plus.net\" target=\"_blank\" rel=\"noopener noreferrer\">http:\/\/www.card-plus.net<\/a><\/td>\n<\/tr>\n<tr>\n<td><strong>Facebook<\/strong><\/td>\n<td><a href=\"https:\/\/www.facebook.com\/cardpluskibris\" target=\"_blank\" rel=\"noopener noreferrer\">https:\/\/www.facebook.com\/cardpluskibris<\/a><\/td>\n<\/tr>\n<tr>\n<td><strong>Twitter<\/strong><\/td>\n<td><a href=\"https:\/\/twitter.com\/cardpluskibris\" target=\"_blank\" rel=\"noopener noreferrer\">https:\/\/twitter.com\/cardpluskibris<\/a><\/td>\n<\/tr>\n<\/tbody>\n<\/table>\n<p>[\/vc_column_text][\/vc_column][\/vc_row][vc_row disable_element=&#8221;yes&#8221;][vc_column][vc_column_text]<\/p>\n<h2><strong>L\u0130MASOL SOSYAL SORUMLULUK<\/strong><\/h2>\n<p>[\/vc_column_text][vc_column_text]<img loading=\"lazy\" decoding=\"async\" class=\"aligncenter wp-image-4263 size-full\" style=\"float: left; margin-right: 15px;\" src=\"https:\/\/www.limasolbank.com.tr\/wp-content\/uploads\/2019\/02\/lss_logo.png\" alt=\"\" width=\"253\" height=\"96\">L\u0130MASOL SOSYAL SORUMLULUK nihai sonuca odakl\u0131, uzun d\u00f6nemli, toplum, d\u00fcnya, birey ve \u00e7evre yarar\u0131na yap\u0131lan dinamik stratejik kararlar ve uygulamalar b\u00fct\u00fcnl\u00fc\u011f\u00fcd\u00fcr.[\/vc_column_text][vc_column_text]<\/p>\n<table class=\"finance-table\">\n<tbody>\n<tr>\n<td width=\"107\"><strong>Santral No<\/strong><\/td>\n<td width=\"374\">Tel: 0(392) 228 03 33<\/td>\n<\/tr>\n<tr>\n<td><strong>Adres<\/strong><\/td>\n<td>38, Atat\u00fcrk Cad. Yeni\u015fehir, Lefko\u015fa K\u0131br\u0131s<\/td>\n<\/tr>\n<tr>\n<td><strong>E-mail<\/strong><\/td>\n<td>info@limasolssco.org.tr<\/td>\n<\/tr>\n<tr>\n<td><strong>Web<\/strong><\/td>\n<td><a href=\"http:\/\/www.limasolssco.org.tr\" target=\"_blank\" rel=\"noopener noreferrer\">http:\/\/www.limasolssco.org.tr<\/a><\/td>\n<\/tr>\n<tr>\n<td><strong>YouTube<\/strong><\/td>\n<td><a href=\"http:\/\/www.youtube.com\/LimasolSsco\" target=\"_blank\" rel=\"noopener noreferrer\">http:\/\/www.youtube.com\/LimasolSsco<\/a><\/td>\n<\/tr>\n<\/tbody>\n<\/table>\n<p>[\/vc_column_text][\/vc_column][\/vc_row][vc_row disable_element=&#8221;yes&#8221;][vc_column][vc_column_text]<\/p>\n<h2><strong>L\u0130MASOL S\u0130GORTA<\/strong><\/h2>\n<table class=\"finance-table\">\n<tbody>\n<tr>\n<td width=\"117\">&nbsp;<strong>\u015eube<\/strong><\/td>\n<td width=\"135\"><strong>Telefon<\/strong><\/td>\n<td width=\"121\"><strong>Fax<\/strong><\/td>\n<\/tr>\n<tr>\n<td><strong>Girne Merkez<\/strong><\/td>\n<td>(0392) 81 56 786<\/td>\n<td>(0392) 81 56 959<\/td>\n<\/tr>\n<tr>\n<td><strong>Girne \u00c7ar\u015f\u0131<\/strong><\/td>\n<td>(0392) 81 52 243<\/td>\n<td>(0392) 81 54 075<\/td>\n<\/tr>\n<tr>\n<td><strong>Alsancak<\/strong><\/td>\n<td>(0932) 82 13 324<\/td>\n<td>(0932) 82 13 325<\/td>\n<\/tr>\n<tr>\n<td><strong>Esentepe<\/strong><\/td>\n<td>(0392) 82 36 530<\/td>\n<td>(0392) 82 36 531<\/td>\n<\/tr>\n<tr>\n<td><strong>Lefko\u015fa Merkez<\/strong><\/td>\n<td>(0392) 22 80 333<\/td>\n<td>(0392) 22 73 809<\/td>\n<\/tr>\n<tr>\n<td><strong>Lefko\u015fa \u00c7ar\u015f\u0131<\/strong><\/td>\n<td>(0392) 22 84 338<\/td>\n<td>(0392) 22 84 337<\/td>\n<\/tr>\n<tr>\n<td><strong>Lefko\u015fa Sanayi<\/strong><\/td>\n<td>(0392) 22 57 833<\/td>\n<td>(0392) 22 57 835<\/td>\n<\/tr>\n<tr>\n<td><strong>Demirhan<\/strong><\/td>\n<td>(0392) 24 54 350<\/td>\n<td>(0392) 24 54 351<\/td>\n<\/tr>\n<tr>\n<td><strong>G\u00f6nyeli<\/strong><\/td>\n<td>(0392) 22 32 520<\/td>\n<td>(0392) 22 34 495<\/td>\n<\/tr>\n<tr>\n<td><strong>K\u00f6\u015fkl\u00fc\u00e7iftlik<\/strong><\/td>\n<td>(0392) 22 77 876<\/td>\n<td>(0392) 22 77 879<\/td>\n<\/tr>\n<tr>\n<td><strong>G\u00fczelyurt<\/strong><\/td>\n<td>(0392) 71 42 178<\/td>\n<td>(0392) 71 44 098<\/td>\n<\/tr>\n<tr>\n<td><strong>Ma\u011fusa<\/strong><\/td>\n<td>(0392) 36 53 240<\/td>\n<td>(0392) 36 53 239<\/td>\n<\/tr>\n<tr>\n<td><strong>\u0130skele<\/strong><\/td>\n<td>(0392) 37 12 793<\/td>\n<td>(0392) 37 12 710<\/td>\n<\/tr>\n<tr>\n<td><strong>Yenibo\u011fazi\u00e7i<\/strong><\/td>\n<td>(0392) 37 89 681<\/td>\n<td>(0392) 37 89 683<\/td>\n<\/tr>\n<tr>\n<td><strong>Ma\u011fusa AVM<\/strong><\/td>\n<td>(0392) 36 51 140<\/td>\n<td>(0392) 36 51 139<\/td>\n<\/tr>\n<\/tbody>\n<\/table>\n<p>&nbsp;<\/p>\n<table class=\"finance-table\">\n<tbody>\n<tr>\n<td width=\"94\"><strong>Santral No<\/strong><\/td>\n<td width=\"374\">444 00 55 &#8211; 0392 81 58 772<\/td>\n<\/tr>\n<tr>\n<td><strong>Fax No<\/strong><\/td>\n<td>0392 81 59 714 &#8211; 0392 81 55 098<\/td>\n<\/tr>\n<tr>\n<td><strong>Adres<\/strong><\/td>\n<td>Orhaneli Sok.,P.K. 362, Girne Mersin 10 Turkey<\/td>\n<\/tr>\n<tr>\n<td><strong>E-mail<\/strong><\/td>\n<td>info@limasolsigorta.com &#8211; limasolsigorta@gmail.com<\/td>\n<\/tr>\n<tr>\n<td><strong>Web<\/strong><\/td>\n<td><a href=\"http:\/\/www.limasolsigorta.com\" target=\"_blank\" rel=\"noopener noreferrer\">http:\/\/www.limasolsigorta.com&nbsp; <\/a><\/td>\n<\/tr>\n<\/tbody>\n<\/table>\n<h2>&nbsp;<\/h2>\n<h2><strong>CardPlus<\/strong><\/h2>\n<table class=\"finance-table\">\n<tbody>\n<tr>\n<td width=\"107\"><strong>Santral No<\/strong><\/td>\n<td width=\"374\">600 22 22 (mesai saatlerinde)<\/td>\n<\/tr>\n<tr>\n<td><strong>M\u00fc\u015fteri Hizmetleri<\/strong><\/td>\n<td>444 5 000<\/td>\n<\/tr>\n<tr>\n<td><strong>Fax<\/strong><\/td>\n<td>229 02 27<\/td>\n<\/tr>\n<tr>\n<td><strong>Adres<\/strong><\/td>\n<td>Server Somuncuo\u011flu Sok. Kaya Bekiro\u011flu Apt. No 11\/4, K.\u00e7iftlik Lefko\u015fa K\u0131br\u0131s<\/td>\n<\/tr>\n<tr>\n<td><strong>E-mail<\/strong><\/td>\n<td>info@card-plus.net<\/td>\n<\/tr>\n<tr>\n<td><strong>Web<\/strong><\/td>\n<td><a href=\"http:\/\/www.card-plus.net\" target=\"_blank\" rel=\"noopener noreferrer\">http:\/\/www.card-plus.net<\/a><\/td>\n<\/tr>\n<\/tbody>\n<\/table>\n<p>[\/vc_column_text][\/vc_column][\/vc_row]<\/p>\n<\/div>","protected":false},"excerpt":{"rendered":"<p>[vc_row][vc_column][vc_column_text] LIMASOL INSURANCE [\/vc_column_text][vc_column_text] Following many years as Insurance Agency, we founded Limasol Insurance Co on 1st September 1997 and entered into insurance sector with our corporate identity. With its 22 years of experience, Limasol Insurance carries out its activities to offer best service.[\/vc_column_text][vc_column_text] Call Centre (0392 444 00 55) &#8211; (0392 815 87 72) [&hellip;]<\/p>\n","protected":false},"author":1,"featured_media":0,"parent":641,"menu_order":0,"comment_status":"closed","ping_status":"closed","template":"","meta":{"_monsterinsights_skip_tracking":false,"_monsterinsights_sitenote_active":false,"_monsterinsights_sitenote_note":"","_monsterinsights_sitenote_category":0,"ngg_post_thumbnail":0,"footnotes":""},"categories":[],"class_list":["post-647","page","type-page","status-publish","hentry"],"aioseo_notices":[],"_links":{"self":[{"href":"https:\/\/www.limasolbank.com.tr\/en\/wp-json\/wp\/v2\/pages\/647","targetHints":{"allow":["GET"]}}],"collection":[{"href":"https:\/\/www.limasolbank.com.tr\/en\/wp-json\/wp\/v2\/pages"}],"about":[{"href":"https:\/\/www.limasolbank.com.tr\/en\/wp-json\/wp\/v2\/types\/page"}],"author":[{"embeddable":true,"href":"https:\/\/www.limasolbank.com.tr\/en\/wp-json\/wp\/v2\/users\/1"}],"replies":[{"embeddable":true,"href":"https:\/\/www.limasolbank.com.tr\/en\/wp-json\/wp\/v2\/comments?post=647"}],"version-history":[{"count":2,"href":"https:\/\/www.limasolbank.com.tr\/en\/wp-json\/wp\/v2\/pages\/647\/revisions"}],"predecessor-version":[{"id":13952,"href":"https:\/\/www.limasolbank.com.tr\/en\/wp-json\/wp\/v2\/pages\/647\/revisions\/13952"}],"up":[{"embeddable":true,"href":"https:\/\/www.limasolbank.com.tr\/en\/wp-json\/wp\/v2\/pages\/641"}],"wp:attachment":[{"href":"https:\/\/www.limasolbank.com.tr\/en\/wp-json\/wp\/v2\/media?parent=647"}],"wp:term":[{"taxonomy":"category","embeddable":true,"href":"https:\/\/www.limasolbank.com.tr\/en\/wp-json\/wp\/v2\/categories?post=647"}],"curies":[{"name":"wp","href":"https:\/\/api.w.org\/{rel}","templated":true}]}}