{"id":20358,"date":"2025-08-05T13:33:34","date_gmt":"2025-08-05T10:33:34","guid":{"rendered":"https:\/\/www.limasolbank.com.tr\/?page_id=20358"},"modified":"2026-03-06T11:45:15","modified_gmt":"2026-03-06T09:45:15","slug":"latest-news","status":"publish","type":"page","link":"https:\/\/www.limasolbank.com.tr\/en\/latest-news\/","title":{"rendered":"Latest News"},"content":{"rendered":"<div class=\"wpb-content-wrapper\"><p>[vc_row][vc_column][vc_empty_space height=&#8221;20px&#8221;][\/vc_column][\/vc_row][vc_row][vc_column][vc_row_inner equal_height=&#8221;yes&#8221; content_placement=&#8221;middle&#8221; css=&#8221;.vc_custom_1722598640425{background-color: #ededed !important;border-radius: 1px !important;border-color: #dd0000 !important;}&#8221;][vc_column_inner width=&#8221;1\/2&#8243;][vc_single_image image=&#8221;22035&#8243; img_size=&#8221;large&#8221; alignment=&#8221;center&#8221; style=&#8221;vc_box_rounded&#8221; onclick=&#8221;custom_link&#8221; css=&#8221;&#8221; el_class=&#8221;zoom&#8221;][\/vc_column_inner][vc_column_inner width=&#8221;1\/2&#8243;][vc_column_text css=&#8221;&#8221;]<\/p>\n<p data-prosemirror-content-type=\"node\" data-prosemirror-node-name=\"paragraph\" data-prosemirror-node-block=\"true\" data-pm-slice=\"1 1 []\"><a href=\"https:\/\/www.limasolbank.com.tr\/en\/march-8-international-womens-day-message-from-the-chairperson-of-the-board-of-directors-ms-gulhan-alp\/\"><strong>The message of the Chairperson of the Board of Directors of Limassol Turkish Cooperative Bank, Ms. G\u00fclhan Alp, to the female personnel for March 8 International Women&#8217;s Day&#8230;<\/strong><\/a><\/p>\n<p>&nbsp;[\/vc_column_text][\/vc_column_inner][\/vc_row_inner][\/vc_column][\/vc_row][vc_row][vc_column][vc_empty_space height=&#8221;20px&#8221;][\/vc_column][\/vc_row][vc_row][vc_column][vc_row_inner equal_height=&#8221;yes&#8221; content_placement=&#8221;middle&#8221; css=&#8221;.vc_custom_1722598640425{background-color: #ededed !important;border-radius: 1px !important;border-color: #dd0000 !important;}&#8221;][vc_column_inner width=&#8221;1\/2&#8243;][vc_single_image image=&#8221;20351&#8243; img_size=&#8221;large&#8221; alignment=&#8221;center&#8221; style=&#8221;vc_box_rounded&#8221; onclick=&#8221;custom_link&#8221; css=&#8221;&#8221; el_class=&#8221;zoom&#8221;][\/vc_column_inner][vc_column_inner width=&#8221;1\/2&#8243;][vc_column_text css=&#8221;&#8221;]<\/p>\n<p data-prosemirror-content-type=\"node\" data-prosemirror-node-name=\"paragraph\" data-prosemirror-node-block=\"true\" data-pm-slice=\"1 1 []\"><a href=\"https:\/\/www.limasolbank.com.tr\/en\/happy-july-5th-world-cooperatives-day\/\"><strong>Happy July 5th World Cooperatives Day<\/strong><\/a><\/p>\n<p>[\/vc_column_text][\/vc_column_inner][\/vc_row_inner][\/vc_column][\/vc_row][vc_row][vc_column][vc_empty_space height=&#8221;20px&#8221;][\/vc_column][\/vc_row][vc_row][vc_column][vc_row_inner equal_height=&#8221;yes&#8221; content_placement=&#8221;middle&#8221; css=&#8221;.vc_custom_1722598640425{background-color: #ededed !important;border-radius: 1px !important;border-color: #dd0000 !important;}&#8221;][vc_column_inner width=&#8221;1\/2&#8243;][vc_single_image image=&#8221;20354&#8243; img_size=&#8221;large&#8221; alignment=&#8221;center&#8221; style=&#8221;vc_box_rounded&#8221; onclick=&#8221;custom_link&#8221; css=&#8221;&#8221; el_class=&#8221;zoom&#8221;][\/vc_column_inner][vc_column_inner width=&#8221;1\/2&#8243;][vc_column_text css=&#8221;&#8221;]<a href=\"https:\/\/www.limasolbank.com.tr\/en\/the-special-general-assembly-meeting-of-limasol-turkish-cooperative-bank-ltd-was-held\/\"><strong>The Special Board Meeting of Limassol Turkish Cooperative Bank Ltd. was Held<\/strong><\/a><\/p>\n<p>Limasol Turkish Cooperative Bank Ltd., one of Turkey\u2019s long-established banks, celebrated its 86th anniversary on June 9, 2025, and held its Special General Assembly on Wednesday, June 4, 2025&#8230;<a href=\"https:\/\/www.limasolbank.com.tr\/en\/the-special-general-assembly-meeting-of-limasol-turkish-cooperative-bank-ltd-was-held\/\">Read more<\/a>[\/vc_column_text][\/vc_column_inner][\/vc_row_inner][\/vc_column][\/vc_row][vc_row][vc_column][vc_empty_space height=&#8221;20px&#8221;][\/vc_column][\/vc_row][vc_row][vc_column][vc_row_inner equal_height=&#8221;yes&#8221; content_placement=&#8221;middle&#8221; css=&#8221;.vc_custom_1722598640425{background-color: #ededed !important;border-radius: 1px !important;border-color: #dd0000 !important;}&#8221;][vc_column_inner width=&#8221;1\/2&#8243;][vc_single_image image=&#8221;19652&#8243; img_size=&#8221;large&#8221; alignment=&#8221;center&#8221; style=&#8221;vc_box_rounded&#8221; onclick=&#8221;custom_link&#8221; css=&#8221;&#8221; el_class=&#8221;zoom&#8221; link=&#8221;https:\/\/www.limasolbank.com.tr\/haberler\/limasol-bankasinda-duygu-regulasyonu-ozsefkat-ve-meditasyon-semineri\/&#8221;][\/vc_column_inner][vc_column_inner width=&#8221;1\/2&#8243;][vc_column_text css=&#8221;&#8221;]<a href=\"https:\/\/www.limasolbank.com.tr\/en\/book-donation-from-limasol-turkish-cooperative-bank-to-canbulat-ozgurluk-secondary-school-library\/\"><strong>Limasol Turkish Cooperative Bank donated books to the Canbulat \u00d6zg\u00fcrl\u00fck Middle School library as part of its corporate social responsibility activities.<\/strong><\/a><\/p>\n<p>This meaningful support was realized with the voluntary participation of the bank staff;&#8230;<a href=\"https:\/\/www.limasolbank.com.tr\/en\/book-donation-from-limasol-turkish-cooperative-bank-to-canbulat-ozgurluk-secondary-school-library\/\">Read more<\/a>[\/vc_column_text][\/vc_column_inner][\/vc_row_inner][\/vc_column][\/vc_row][vc_row][vc_column][vc_empty_space height=&#8221;20px&#8221;][\/vc_column][\/vc_row][vc_row][vc_column][vc_row_inner equal_height=&#8221;yes&#8221; content_placement=&#8221;middle&#8221; css=&#8221;.vc_custom_1722598640425{background-color: #ededed !important;border-radius: 1px !important;border-color: #dd0000 !important;}&#8221;][vc_column_inner width=&#8221;1\/2&#8243;][vc_single_image image=&#8221;16032&#8243; img_size=&#8221;large&#8221; alignment=&#8221;center&#8221; style=&#8221;vc_box_rounded&#8221; onclick=&#8221;custom_link&#8221; css=&#8221;&#8221; el_class=&#8221;zoom&#8221; link=&#8221;https:\/\/www.limasolbank.com.tr\/haberler\/limasol-bankasinda-duygu-regulasyonu-ozsefkat-ve-meditasyon-semineri\/&#8221;][\/vc_column_inner][vc_column_inner width=&#8221;1\/2&#8243;][vc_column_text css=&#8221;&#8221;]<a href=\"https:\/\/www.limasolbank.com.tr\/en\/news\/emotion-regulation-self-compassion-and-meditation-seminar-at-limassol-bank\/\"><strong>Emotion Regulation, Self-Compassion and Meditation Seminar at Limassol Bank<\/strong><\/a><\/p>\n<p>On March 8, International Women\u2019s Day, a seminar on emotion regulation, self-compassion and meditation was organized&#8230;<a href=\"https:\/\/www.limasolbank.com.tr\/en\/news\/emotion-regulation-self-compassion-and-meditation-seminar-at-limassol-bank\/\">Read more<\/a>[\/vc_column_text][\/vc_column_inner][\/vc_row_inner][\/vc_column][\/vc_row][vc_row disable_element=&#8221;yes&#8221;][vc_column][vc_empty_space height=&#8221;20px&#8221;][\/vc_column][\/vc_row][vc_row disable_element=&#8221;yes&#8221;][vc_column][vc_row_inner equal_height=&#8221;yes&#8221; content_placement=&#8221;middle&#8221; css=&#8221;.vc_custom_1722598640425{background-color: #ededed !important;border-radius: 1px !important;border-color: #dd0000 !important;}&#8221;][vc_column_inner width=&#8221;1\/2&#8243;][vc_single_image image=&#8221;13027&#8243; img_size=&#8221;medium&#8221; alignment=&#8221;center&#8221; style=&#8221;vc_box_rounded&#8221; onclick=&#8221;custom_link&#8221; css=&#8221;&#8221; el_class=&#8221;zoom&#8221; link=&#8221;https:\/\/www.limasolbank.com.tr\/limasol-bankasi-musterisi-buyuk-ikramiye-kazandi\/&#8221;][\/vc_column_inner][vc_column_inner width=&#8221;1\/2&#8243;][vc_column_text css=&#8221;&#8221;]<a href=\"https:\/\/www.limasolbank.com.tr\/limasol-bankasi-musterisi-buyuk-ikramiye-kazandi\/\"><strong>Limasol Bankas\u0131 M\u00fc\u015fterisi B\u00fcy\u00fck \u0130kramiye Kazand\u0131<\/strong><\/a><\/p>\n<p>Limasol T\u00fcrk Kooperatif Bankas\u0131 m\u00fc\u015fterisi 18 \u015eubat 2023 tarihli Devlet Piyangosu\u2019nda b\u00fcy\u00fck ikramiyeyi kazand\u0131&#8230; <a href=\"https:\/\/www.limasolbank.com.tr\/limasol-bankasi-musterisi-buyuk-ikramiye-kazandi\/\">Devam\u0131n\u0131 oku<\/a>[\/vc_column_text][\/vc_column_inner][\/vc_row_inner][\/vc_column][\/vc_row][vc_row disable_element=&#8221;yes&#8221;][vc_column][vc_empty_space height=&#8221;20px&#8221;][\/vc_column][\/vc_row][vc_row disable_element=&#8221;yes&#8221;][vc_column][vc_row_inner equal_height=&#8221;yes&#8221; content_placement=&#8221;middle&#8221; css=&#8221;.vc_custom_1722598640425{background-color: #ededed !important;border-radius: 1px !important;border-color: #dd0000 !important;}&#8221;][vc_column_inner width=&#8221;1\/2&#8243;][vc_single_image image=&#8221;12394&#8243; img_size=&#8221;1200&#215;500&#8243; alignment=&#8221;center&#8221; style=&#8221;vc_box_rounded&#8221; onclick=&#8221;custom_link&#8221; css=&#8221;&#8221; el_class=&#8221;zoom&#8221; link=&#8221;https:\/\/www.limasolbank.com.tr\/lim-ve-lima-kibris-amerikan-universitesinde\/&#8221;][\/vc_column_inner][vc_column_inner width=&#8221;1\/2&#8243;][vc_column_text css=&#8221;&#8221;]<a href=\"https:\/\/www.limasolbank.com.tr\/lim-ve-lima-kibris-amerikan-universitesinde\/\"><strong>Lim ve Lima K\u0131br\u0131s Amerikan \u00dcniversitesi\u2019nde<\/strong><\/a><\/p>\n<p>Limasol T\u00fcrk Kooperatif Bankas\u0131 85 y\u0131ll\u0131k tecr\u00fcbesini gen\u00e7ler ile payla\u015fmak i\u00e7in ba\u015flatt\u0131\u011f\u0131 yarat\u0131c\u0131 seminerler serisi kapsam\u0131nda bu kez K\u0131br\u0131s Amerikan \u00dcniversitesi\u2019ndeydi&#8230; <a href=\"https:\/\/www.limasolbank.com.tr\/lim-ve-lima-kibris-amerikan-universitesinde\/\">Devam\u0131n\u0131 oku<\/a>[\/vc_column_text][\/vc_column_inner][\/vc_row_inner][\/vc_column][\/vc_row][vc_row disable_element=&#8221;yes&#8221;][vc_column][vc_empty_space height=&#8221;20px&#8221;][\/vc_column][\/vc_row][vc_row disable_element=&#8221;yes&#8221;][vc_column][vc_row_inner equal_height=&#8221;yes&#8221; content_placement=&#8221;middle&#8221; css=&#8221;.vc_custom_1722598640425{background-color: #ededed !important;border-radius: 1px !important;border-color: #dd0000 !important;}&#8221;][vc_column_inner width=&#8221;1\/2&#8243;][vc_single_image image=&#8221;17738&#8243; img_size=&#8221;1200&#215;500&#8243; alignment=&#8221;center&#8221; style=&#8221;vc_box_rounded&#8221; onclick=&#8221;custom_link&#8221; css=&#8221;&#8221; el_class=&#8221;zoom&#8221; link=&#8221;https:\/\/www.limasolbank.com.tr\/limasol-bankasinda-turk-isaret-dili-farkindalik-semineri-duzenlendi\/&#8221;][\/vc_column_inner][vc_column_inner width=&#8221;1\/2&#8243;][vc_column_text css=&#8221;&#8221;]<a href=\"https:\/\/www.limasolbank.com.tr\/limasol-bankasinda-turk-isaret-dili-farkindalik-semineri-duzenlendi\/\"><strong>Limasol Bankas\u0131\u2019nda T\u00fcrk \u0130\u015faret Dili Fark\u0131ndal\u0131k Semineri D\u00fczenlendi<\/strong><\/a><\/p>\n<p>3 Aral\u0131k D\u00fcnya Engelliler G\u00fcn\u00fc\u2019ne ve di\u011fer \u00f6zel g\u00fcnlere \u00f6nem veren Limasol Bankas\u0131 bu kez K\u0131br\u0131s \u0130\u015fitme Konu\u015fma Engelliler Vakf\u0131 (K\u0130KEV) ile bir i\u015f birli\u011fi \u00e7al\u0131\u015fmas\u0131 yaparak, engelsiz bir d\u00fcnya yaratmak ad\u0131na kollar\u0131 s\u0131vad\u0131&#8230; <a href=\"https:\/\/www.limasolbank.com.tr\/limasol-bankasinda-turk-isaret-dili-farkindalik-semineri-duzenlendi\/\">Devam\u0131n\u0131 oku<\/a>[\/vc_column_text][\/vc_column_inner][\/vc_row_inner][\/vc_column][\/vc_row][vc_row disable_element=&#8221;yes&#8221;][vc_column][vc_empty_space height=&#8221;20px&#8221;][\/vc_column][\/vc_row][vc_row disable_element=&#8221;yes&#8221;][vc_column][vc_row_inner equal_height=&#8221;yes&#8221; content_placement=&#8221;middle&#8221; css=&#8221;.vc_custom_1722598640425{background-color: #ededed !important;border-radius: 1px !important;border-color: #dd0000 !important;}&#8221;][vc_column_inner width=&#8221;1\/2&#8243;][vc_single_image image=&#8221;12279&#8243; img_size=&#8221;1200&#215;500&#8243; alignment=&#8221;center&#8221; style=&#8221;vc_box_rounded&#8221; onclick=&#8221;custom_link&#8221; css=&#8221;&#8221; el_class=&#8221;zoom&#8221; link=&#8221;https:\/\/www.limasolbank.com.tr\/lim-ve-lima-bu-kez-uluslararasi-final-universitesinde\/&#8221;][\/vc_column_inner][vc_column_inner width=&#8221;1\/2&#8243;][vc_column_text css=&#8221;&#8221;]<a href=\"https:\/\/www.limasolbank.com.tr\/limasol-bankasinda-turk-isaret-dili-farkindalik-semineri-duzenlendi\/\"><strong>L\u0130M VE L\u0130MA BU KEZ ULUSLARARASI F\u0130NAL \u00dcN\u0130VERS\u0130TES\u0130\u2019NDE<\/strong><\/a><\/p>\n<p>Uluslararas\u0131 Final \u00dcniversitesi \u00f6\u011frencilerine \u0130konik Markalar ve \u0130kon Yaratma S\u00fcre\u00e7leri ile Limasol T\u00fcrk Kooperatif Bankas\u0131 ikonu Lim ve Lima ba\u015fl\u0131kl\u0131 sunum ger\u00e7ekle\u015ftirdi&#8230; <a href=\"https:\/\/www.limasolbank.com.tr\/lim-ve-lima-bu-kez-uluslararasi-final-universitesinde\/\">Devam\u0131n\u0131 oku<\/a>[\/vc_column_text][\/vc_column_inner][\/vc_row_inner][\/vc_column][\/vc_row][vc_row disable_element=&#8221;yes&#8221;][vc_column][vc_empty_space height=&#8221;20px&#8221;][\/vc_column][\/vc_row]<\/p>\n<\/div>","protected":false},"excerpt":{"rendered":"<p>[vc_row][vc_column][vc_empty_space height=&#8221;20px&#8221;][\/vc_column][\/vc_row][vc_row][vc_column][vc_row_inner equal_height=&#8221;yes&#8221; content_placement=&#8221;middle&#8221; css=&#8221;.vc_custom_1722598640425{background-color: #ededed !important;border-radius: 1px !important;border-color: #dd0000 !important;}&#8221;][vc_column_inner width=&#8221;1\/2&#8243;][vc_single_image image=&#8221;22035&#8243; img_size=&#8221;large&#8221; alignment=&#8221;center&#8221; style=&#8221;vc_box_rounded&#8221; onclick=&#8221;custom_link&#8221; css=&#8221;&#8221; el_class=&#8221;zoom&#8221;][\/vc_column_inner][vc_column_inner width=&#8221;1\/2&#8243;][vc_column_text css=&#8221;&#8221;] The message of the Chairperson of the Board of Directors of Limassol Turkish Cooperative Bank, Ms. G\u00fclhan Alp, to the female personnel for March 8 International Women&#8217;s Day&#8230; &nbsp;[\/vc_column_text][\/vc_column_inner][\/vc_row_inner][\/vc_column][\/vc_row][vc_row][vc_column][vc_empty_space height=&#8221;20px&#8221;][\/vc_column][\/vc_row][vc_row][vc_column][vc_row_inner equal_height=&#8221;yes&#8221; content_placement=&#8221;middle&#8221; css=&#8221;.vc_custom_1722598640425{background-color: #ededed [&hellip;]<\/p>\n","protected":false},"author":1,"featured_media":0,"parent":0,"menu_order":0,"comment_status":"closed","ping_status":"closed","template":"page_full.php","meta":{"_monsterinsights_skip_tracking":false,"_monsterinsights_sitenote_active":false,"_monsterinsights_sitenote_note":"","_monsterinsights_sitenote_category":0,"ngg_post_thumbnail":0,"footnotes":""},"categories":[],"class_list":["post-20358","page","type-page","status-publish","hentry"],"aioseo_notices":[],"_links":{"self":[{"href":"https:\/\/www.limasolbank.com.tr\/en\/wp-json\/wp\/v2\/pages\/20358","targetHints":{"allow":["GET"]}}],"collection":[{"href":"https:\/\/www.limasolbank.com.tr\/en\/wp-json\/wp\/v2\/pages"}],"about":[{"href":"https:\/\/www.limasolbank.com.tr\/en\/wp-json\/wp\/v2\/types\/page"}],"author":[{"embeddable":true,"href":"https:\/\/www.limasolbank.com.tr\/en\/wp-json\/wp\/v2\/users\/1"}],"replies":[{"embeddable":true,"href":"https:\/\/www.limasolbank.com.tr\/en\/wp-json\/wp\/v2\/comments?post=20358"}],"version-history":[{"count":19,"href":"https:\/\/www.limasolbank.com.tr\/en\/wp-json\/wp\/v2\/pages\/20358\/revisions"}],"predecessor-version":[{"id":22040,"href":"https:\/\/www.limasolbank.com.tr\/en\/wp-json\/wp\/v2\/pages\/20358\/revisions\/22040"}],"wp:attachment":[{"href":"https:\/\/www.limasolbank.com.tr\/en\/wp-json\/wp\/v2\/media?parent=20358"}],"wp:term":[{"taxonomy":"category","embeddable":true,"href":"https:\/\/www.limasolbank.com.tr\/en\/wp-json\/wp\/v2\/categories?post=20358"}],"curies":[{"name":"wp","href":"https:\/\/api.w.org\/{rel}","templated":true}]}}