{"id":13896,"date":"2023-06-11T01:47:48","date_gmt":"2023-06-10T22:47:48","guid":{"rendered":"https:\/\/www.limasolbank.com.tr\/?page_id=13896"},"modified":"2025-10-30T22:49:29","modified_gmt":"2025-10-30T20:49:29","slug":"real-estates-sales","status":"publish","type":"page","link":"https:\/\/www.limasolbank.com.tr\/en\/real-estates-sales\/","title":{"rendered":"Real Estates Sales"},"content":{"rendered":"<div class=\"wpb-content-wrapper\"><p>[vc_row gap=&#8221;35&#8243; content_placement=&#8221;middle&#8221;][vc_column width=&#8221;1\/2&#8243;][vc_gallery type=&#8221;image_grid&#8221; images=&#8221;16961&#8243; img_size=&#8221;large&#8221; css=&#8221;.vc_custom_1720111359644{border-top-width: 2px !important;border-right-width: 2px !important;border-bottom-width: 2px !important;border-left-width: 2px !important;border-left-style: solid !important;border-right-style: solid !important;border-top-style: solid !important;border-bottom-style: solid !important;border-radius: 2px !important;border-color: #dd3333 !important;}&#8221;][\/vc_column][vc_column width=&#8221;1\/2&#8243;][vc_gallery type=&#8221;image_grid&#8221; images=&#8221;19920&#8243; img_size=&#8221;large&#8221; css=&#8221;.vc_custom_1748944822380{border-top-width: 2px !important;border-right-width: 2px !important;border-bottom-width: 2px !important;border-left-width: 2px !important;border-left-style: solid !important;border-right-style: solid !important;border-top-style: solid !important;border-bottom-style: solid !important;border-radius: 2px !important;border-color: #dd3333 !important;}&#8221;][\/vc_column][\/vc_row][vc_row][vc_column css=&#8221;.vc_custom_1603868008653{margin-top: 30px !important;}&#8221;][vc_column_text css=&#8221;&#8221;]<\/p>\n<table class=\"finance-table finance-table--grey\" width=\"1995\">\n<tbody>\n<tr>\n<td width=\"99\">NO<\/td>\n<td width=\"200\">ESTATE TYPE<\/td>\n<td width=\"100\">LOCATION<\/td>\n<td width=\"100\">DEED NO<\/td>\n<td width=\"200\">ACREAGE\/ ALLOTMENT\/ M2<\/td>\n<td width=\"100\">DEED STATUS<\/td>\n<\/tr>\n<tr style=\"font-weight: normal;\">\n<td>1<\/td>\n<td>NOT ASSIGNED TO DEED OFFICE<\/td>\n<td>G\u00d6NYEL\u0130<\/td>\n<td>NEW 1033<\/td>\n<td width=\"412\">Approximately 100M2 (71\/432 SHARE)<\/td>\n<td>TURKISH<\/td>\n<\/tr>\n<tr style=\"font-weight: normal;\">\n<td>2<\/td>\n<td>STANDELI SHOP ON THE GROUND FLOOR<\/td>\n<td>IBRAHIM PASA NEIGHBORHOOD \u2013 ATATURK STREET NICOSIA \/ YEN\u0130\u015eEH\u0130R<\/td>\n<td>NEW 335<\/td>\n<td>Approximately 252 m2<\/td>\n<td>ALL<\/td>\n<\/tr>\n<\/tbody>\n<\/table>\n<p>[\/vc_column_text][\/vc_column][\/vc_row][vc_row][vc_column][vc_column_text]<strong>Att. Firdevs \u00d6zdiken Sonay can provide detailed information on the locations of the real estates. <\/strong><\/p>\n<p><strong>Please Contact: Att.Firdevs \u00d6zdiken Sonay <\/strong><br \/>\n<strong>General Directorate, 38, Atat\u00fcrk Ave., Yeni\u015fehir &#8211; Nicosia<\/strong><br \/>\n<strong>Tel: 009 0 (392) 228 03 33 Ext: 209<\/strong>[\/vc_column_text][\/vc_column][\/vc_row][vc_column css=&#8221;.vc_custom_1603868008653{margin-top: 30px !important;}&#8221;][\/vc_column]<\/p>\n<\/div>","protected":false},"excerpt":{"rendered":"<p>[vc_row gap=&#8221;35&#8243; content_placement=&#8221;middle&#8221;][vc_column width=&#8221;1\/2&#8243;][vc_gallery type=&#8221;image_grid&#8221; images=&#8221;16961&#8243; img_size=&#8221;large&#8221; css=&#8221;.vc_custom_1720111359644{border-top-width: 2px !important;border-right-width: 2px !important;border-bottom-width: 2px !important;border-left-width: 2px !important;border-left-style: solid !important;border-right-style: solid !important;border-top-style: solid !important;border-bottom-style: solid !important;border-radius: 2px !important;border-color: #dd3333 !important;}&#8221;][\/vc_column][vc_column width=&#8221;1\/2&#8243;][vc_gallery type=&#8221;image_grid&#8221; images=&#8221;19920&#8243; img_size=&#8221;large&#8221; css=&#8221;.vc_custom_1748944822380{border-top-width: 2px !important;border-right-width: 2px !important;border-bottom-width: 2px !important;border-left-width: 2px !important;border-left-style: solid !important;border-right-style: solid !important;border-top-style: solid !important;border-bottom-style: solid !important;border-radius: 2px !important;border-color: #dd3333 !important;}&#8221;][\/vc_column][\/vc_row][vc_row][vc_column css=&#8221;.vc_custom_1603868008653{margin-top: 30px [&hellip;]<\/p>\n","protected":false},"author":1,"featured_media":0,"parent":0,"menu_order":0,"comment_status":"closed","ping_status":"closed","template":"page_full.php","meta":{"_monsterinsights_skip_tracking":false,"_monsterinsights_sitenote_active":false,"_monsterinsights_sitenote_note":"","_monsterinsights_sitenote_category":0,"ngg_post_thumbnail":0,"footnotes":""},"categories":[],"class_list":["post-13896","page","type-page","status-publish","hentry"],"aioseo_notices":[],"_links":{"self":[{"href":"https:\/\/www.limasolbank.com.tr\/en\/wp-json\/wp\/v2\/pages\/13896","targetHints":{"allow":["GET"]}}],"collection":[{"href":"https:\/\/www.limasolbank.com.tr\/en\/wp-json\/wp\/v2\/pages"}],"about":[{"href":"https:\/\/www.limasolbank.com.tr\/en\/wp-json\/wp\/v2\/types\/page"}],"author":[{"embeddable":true,"href":"https:\/\/www.limasolbank.com.tr\/en\/wp-json\/wp\/v2\/users\/1"}],"replies":[{"embeddable":true,"href":"https:\/\/www.limasolbank.com.tr\/en\/wp-json\/wp\/v2\/comments?post=13896"}],"version-history":[{"count":30,"href":"https:\/\/www.limasolbank.com.tr\/en\/wp-json\/wp\/v2\/pages\/13896\/revisions"}],"predecessor-version":[{"id":21107,"href":"https:\/\/www.limasolbank.com.tr\/en\/wp-json\/wp\/v2\/pages\/13896\/revisions\/21107"}],"wp:attachment":[{"href":"https:\/\/www.limasolbank.com.tr\/en\/wp-json\/wp\/v2\/media?parent=13896"}],"wp:term":[{"taxonomy":"category","embeddable":true,"href":"https:\/\/www.limasolbank.com.tr\/en\/wp-json\/wp\/v2\/categories?post=13896"}],"curies":[{"name":"wp","href":"https:\/\/api.w.org\/{rel}","templated":true}]}}